{"id":157,"date":"2025-04-23T13:17:44","date_gmt":"2025-04-23T11:17:44","guid":{"rendered":"https:\/\/kelly.beliar.org\/?page_id=157"},"modified":"2025-04-28T20:17:56","modified_gmt":"2025-04-28T18:17:56","slug":"soins-avant-et-apres-tatouage","status":"publish","type":"page","link":"https:\/\/inkiratattoo.com\/index.php\/soins-avant-et-apres-tatouage\/","title":{"rendered":"Soins"},"content":{"rendered":"\t\t<div data-elementor-type=\"wp-post\" data-elementor-id=\"157\" class=\"elementor elementor-157\">\n\t\t\t\t<div class=\"elementor-element elementor-element-cedf0f5 e-flex e-con-boxed e-con e-parent\" data-id=\"cedf0f5\" data-element_type=\"container\">\n\t\t\t\t\t<div class=\"e-con-inner\">\n\t\t\t\t<div class=\"elementor-element elementor-element-5dd1590 elementor-widget elementor-widget-text-editor\" data-id=\"5dd1590\" data-element_type=\"widget\" data-widget_type=\"text-editor.default\">\n\t\t\t\t<div class=\"elementor-widget-container\">\n\t\t\t\t\t\t\t\t\t<h2>Avant Tatouage :<\/h2>\t\t\t\t\t\t\t\t<\/div>\n\t\t\t\t<\/div>\n\t\t\t\t\t<\/div>\n\t\t\t\t<\/div>\n\t\t<div class=\"elementor-element elementor-element-76edc1d e-flex e-con-boxed e-con e-parent\" data-id=\"76edc1d\" data-element_type=\"container\">\n\t\t\t\t\t<div class=\"e-con-inner\">\n\t\t\t\t<div class=\"elementor-element elementor-element-e2c605e elementor-widget elementor-widget-text-editor\" data-id=\"e2c605e\" data-element_type=\"widget\" data-widget_type=\"text-editor.default\">\n\t\t\t\t<div class=\"elementor-widget-container\">\n\t\t\t\t\t\t\t\t\t<p>&#8211; Il est important de bien boire et de bien manger.&nbsp;<\/p><p>&#8211; Pas d&rsquo;alcool et pas de drogues.<\/p>\n<p>&#8211; Il est conseiller de bien hydrater la peau au pr\u00e9alable.&nbsp;<\/p>\n<p>&#8211; Si la zone qui va \u00eatre tatou\u00e9e est beaucoup poilue, le mieux est de se raser. Sinon nous regarderons \u00e7a ensemble et je m&rsquo;en occuperais.&nbsp;&nbsp;<\/p>\n<p>&#8211; Si il a une quelconque question, il ne faut pas h\u00e9siter \u00e0 me demander, je suis l\u00e0 pour vous rassurer et vous accompagner.&nbsp;<\/p>\t\t\t\t\t\t\t\t<\/div>\n\t\t\t\t<\/div>\n\t\t\t\t\t<\/div>\n\t\t\t\t<\/div>\n\t\t<div class=\"elementor-element elementor-element-226aa16 e-flex e-con-boxed e-con e-parent\" data-id=\"226aa16\" data-element_type=\"container\">\n\t\t\t\t\t<div class=\"e-con-inner\">\n\t\t\t\t<div class=\"elementor-element elementor-element-1fc1804 elementor-widget elementor-widget-text-editor\" data-id=\"1fc1804\" data-element_type=\"widget\" data-widget_type=\"text-editor.default\">\n\t\t\t\t<div class=\"elementor-widget-container\">\n\t\t\t\t\t\t\t\t\t<h2>Apr\u00e8s Tatouage :\u00a0<\/h2>\t\t\t\t\t\t\t\t<\/div>\n\t\t\t\t<\/div>\n\t\t\t\t\t<\/div>\n\t\t\t\t<\/div>\n\t\t<div class=\"elementor-element elementor-element-acaf6b1 e-flex e-con-boxed e-con e-parent\" data-id=\"acaf6b1\" data-element_type=\"container\">\n\t\t\t\t\t<div class=\"e-con-inner\">\n\t\t\t\t<div class=\"elementor-element elementor-element-a834e8d elementor-widget elementor-widget-text-editor\" data-id=\"a834e8d\" data-element_type=\"widget\" data-widget_type=\"text-editor.default\">\n\t\t\t\t<div class=\"elementor-widget-container\">\n\t\t\t\t\t\t\t\t\t<p>&#8211; En rentrant chez soi. Il faut laver le tatouage \u00e0 laide d&rsquo;un savon doux (ph neutre). Et ensuite le s\u00e9cher d\u00e9licatement avec un papier \u00e0 usage unique.<\/p>\n<p>&#8211; il faudra par la suite laver son tatouage 3 fois par jour en utilisant le m\u00eame proc\u00e9der que lors de la premi\u00e8re fois.<\/p>\n<p>&#8211; Au bout de 3 jours, vous aurez la possibilit\u00e9 de mettre de la cr\u00e8me (ou non d&rsquo;ailleurs \u00e0 vous de d\u00e9cider, si souhaiter une cicatrisation s\u00e8che). Cependant, si vous d\u00e9cidez d&rsquo;en mettre. Appliquer en une fine couche et faites la bien p\u00e9n\u00e9trer.<\/p>\n<p>&#8211; Au bout de quelques jours, le tatouage devrait cro\u00fbter. C&rsquo;est tout \u00e0 fait normal. Un tatouage est une plaie ouverte. Ne grattez surtout pas les cro\u00fbtes ! Cela emp\u00eacherait une mauvaise cicatrisation. De plus, c&rsquo;est douloureux.<\/p>\n<p>&#8211; pensez \u00e0 changer vos draps afin de dormir dans un environnement propre.<\/p>\n<p>&#8211; On \u00e9vite les v\u00eatements synth\u00e9tiques et on privil\u00e9gie au max des v\u00eatements en coton.<\/p>\n<p>&#8211; Pas de sport, le mieux, \u00e9tant d&rsquo;\u00e9viter l&rsquo;accumulation de transpiration.<\/p>\n<p>&#8211; Pas de piscine, ni de sauna. Le tatouage ne doit pas \u00eatre sous l&rsquo;eau ou l&rsquo;humidit\u00e9 trop longtemps.<\/p>\n<p>&#8211; Pas d&rsquo;UV qu&rsquo;ils soient naturels ou non.<\/p>\n<p>&#8211; Les poils d&rsquo;animaux sont \u00e0 \u00e9viter au maximum.<\/p><p>&#8211; Et si vous avez des questions, envoyez moi un message. Je ferais en sorte de r\u00e9pondre au plus vite.&nbsp;<\/p>\t\t\t\t\t\t\t\t<\/div>\n\t\t\t\t<\/div>\n\t\t\t\t\t<\/div>\n\t\t\t\t<\/div>\n\t\t\t\t<\/div>\n\t\t","protected":false},"excerpt":{"rendered":"<p>Avant Tatouage : &#8211; Il est important de bien boire et de bien manger.&nbsp; &#8211; Pas d&rsquo;alcool et pas de drogues. &#8211; Il est conseiller &hellip; <\/p>\n","protected":false},"author":1,"featured_media":0,"parent":0,"menu_order":0,"comment_status":"closed","ping_status":"closed","template":"","meta":{"footnotes":""},"class_list":["post-157","page","type-page","status-publish","hentry","latest_post"],"_links":{"self":[{"href":"https:\/\/inkiratattoo.com\/index.php\/wp-json\/wp\/v2\/pages\/157","targetHints":{"allow":["GET"]}}],"collection":[{"href":"https:\/\/inkiratattoo.com\/index.php\/wp-json\/wp\/v2\/pages"}],"about":[{"href":"https:\/\/inkiratattoo.com\/index.php\/wp-json\/wp\/v2\/types\/page"}],"author":[{"embeddable":true,"href":"https:\/\/inkiratattoo.com\/index.php\/wp-json\/wp\/v2\/users\/1"}],"replies":[{"embeddable":true,"href":"https:\/\/inkiratattoo.com\/index.php\/wp-json\/wp\/v2\/comments?post=157"}],"version-history":[{"count":1,"href":"https:\/\/inkiratattoo.com\/index.php\/wp-json\/wp\/v2\/pages\/157\/revisions"}],"predecessor-version":[{"id":245,"href":"https:\/\/inkiratattoo.com\/index.php\/wp-json\/wp\/v2\/pages\/157\/revisions\/245"}],"wp:attachment":[{"href":"https:\/\/inkiratattoo.com\/index.php\/wp-json\/wp\/v2\/media?parent=157"}],"curies":[{"name":"wp","href":"https:\/\/api.w.org\/{rel}","templated":true}]}}