{"id":14,"date":"2025-04-16T16:14:00","date_gmt":"2025-04-16T14:14:00","guid":{"rendered":"https:\/\/kelly.beliar.org\/?page_id=14"},"modified":"2025-04-28T20:17:39","modified_gmt":"2025-04-28T18:17:39","slug":"qui-suis-je","status":"publish","type":"page","link":"https:\/\/inkiratattoo.com\/index.php\/qui-suis-je\/","title":{"rendered":"Qui suis-je ?"},"content":{"rendered":"\t\t<div data-elementor-type=\"wp-page\" data-elementor-id=\"14\" class=\"elementor elementor-14\">\n\t\t\t\t<div class=\"elementor-element elementor-element-3de68708 e-flex e-con-boxed e-con e-parent\" data-id=\"3de68708\" data-element_type=\"container\">\n\t\t\t\t\t<div class=\"e-con-inner\">\n\t\t\t\t<div class=\"elementor-element elementor-element-48d028f3 elementor-widget elementor-widget-text-editor\" data-id=\"48d028f3\" data-element_type=\"widget\" data-widget_type=\"text-editor.default\">\n\t\t\t\t<div class=\"elementor-widget-container\">\n\t\t\t\t\t\t\t\t\t<p>Moi, c&rsquo;est Kelly. Ou Inkira comme vous pr\u00e9f\u00e9rez !<\/p><p>J&rsquo;ai pass\u00e9 ma formation hygi\u00e8ne et salubrit\u00e9 en janvier 2025. Ce qui m&rsquo;a permis de commencer \u00e0 marquer vos peaux de mes petites cr\u00e9ations.\u00a0<\/p><p>Je tatoue exclusivement sur Dijon pour le moment. Mais j&rsquo;esp\u00e8re \u00e0 l&rsquo;avenir pouvoir faire des guest dans de nombreuses villes.\u00a0<\/p><p>Avant \u00e7a, j&rsquo;ai fait des \u00e9tudes dans la mode. Mais cet univers \u00e9tant trop \u00e9loign\u00e9 de mes principes. Et m&rsquo;\u00e9tant d\u00e9couvert une passion pour le tatouage, j&rsquo;ai donc vir\u00e9 de bord. J&rsquo;aime le monde du tatouage, car il me permet une \u00e9norme libert\u00e9 de cr\u00e9ations. Mais il me permet aussi de rencontrer de belles personnes. Que ce soit vous ! Ou mes autres confr\u00e8res tatoueurs.\u00a0<\/p><p>Mon style \u00e0 moi, c&rsquo;est la cr\u00e9ation de petits compagnons. Je m&rsquo;inspire de beaucoup de choses. Principalement de la nature, des animaux, des comptes et des l\u00e9gendes. Mais \u00e9galement de licences connues. J&rsquo;aime l&rsquo;id\u00e9e que mes tatouages puissent vous accompagner, vous suivre au quotidien. Et pourquoi pas m\u00eame voyager \u00e0 vos c\u00f4t\u00e9s. Chaque projet me tient vraiment \u00e0 c\u0153ur alors n&rsquo;h\u00e9sitez pas m&rsquo;en proposez. Peut importe le th\u00e8me et l&rsquo;id\u00e9e, ce serait avec grand plaisir.\u00a0<\/p><p>Pour cela, je vous laisse aller voir mes contacts !\u00a0<\/p>\t\t\t\t\t\t\t\t<\/div>\n\t\t\t\t<\/div>\n\t\t\t\t\t<\/div>\n\t\t\t\t<\/div>\n\t\t<div class=\"elementor-element elementor-element-47d8b5a e-flex e-con-boxed e-con e-parent\" data-id=\"47d8b5a\" data-element_type=\"container\">\n\t\t\t\t\t<div class=\"e-con-inner\">\n\t\t\t\t<div class=\"elementor-element elementor-element-d2e6272 elementor-widget elementor-widget-image\" data-id=\"d2e6272\" data-element_type=\"widget\" data-widget_type=\"image.default\">\n\t\t\t\t<div class=\"elementor-widget-container\">\n\t\t\t\t\t\t\t\t\t\t\t\t<figure class=\"wp-caption\">\n\t\t\t\t\t\t\t\t\t\t<img fetchpriority=\"high\" decoding=\"async\" width=\"460\" height=\"460\" src=\"https:\/\/inkiratattoo.com\/wp-content\/uploads\/2025\/04\/644509-plot-chantier-orange-500mm.jpg\" class=\"attachment-large size-large wp-image-135\" alt=\"\" srcset=\"https:\/\/inkiratattoo.com\/wp-content\/uploads\/2025\/04\/644509-plot-chantier-orange-500mm.jpg 460w, https:\/\/inkiratattoo.com\/wp-content\/uploads\/2025\/04\/644509-plot-chantier-orange-500mm-300x300.jpg 300w, https:\/\/inkiratattoo.com\/wp-content\/uploads\/2025\/04\/644509-plot-chantier-orange-500mm-150x150.jpg 150w\" sizes=\"(max-width: 460px) 100vw, 460px\" \/>\t\t\t\t\t\t\t\t\t\t\t<figcaption class=\"widget-image-caption wp-caption-text\">Ma t\u00eate <\/figcaption>\n\t\t\t\t\t\t\t\t\t\t<\/figure>\n\t\t\t\t\t\t\t\t\t<\/div>\n\t\t\t\t<\/div>\n\t\t\t\t\t<\/div>\n\t\t\t\t<\/div>\n\t\t\t\t<\/div>\n\t\t","protected":false},"excerpt":{"rendered":"<p>Moi, c&rsquo;est Kelly. Ou Inkira comme vous pr\u00e9f\u00e9rez ! J&rsquo;ai pass\u00e9 ma formation hygi\u00e8ne et salubrit\u00e9 en janvier 2025. Ce qui m&rsquo;a permis de commencer &hellip; <\/p>\n","protected":false},"author":1,"featured_media":0,"parent":0,"menu_order":0,"comment_status":"closed","ping_status":"closed","template":"","meta":{"footnotes":""},"class_list":["post-14","page","type-page","status-publish","hentry","latest_post"],"_links":{"self":[{"href":"https:\/\/inkiratattoo.com\/index.php\/wp-json\/wp\/v2\/pages\/14","targetHints":{"allow":["GET"]}}],"collection":[{"href":"https:\/\/inkiratattoo.com\/index.php\/wp-json\/wp\/v2\/pages"}],"about":[{"href":"https:\/\/inkiratattoo.com\/index.php\/wp-json\/wp\/v2\/types\/page"}],"author":[{"embeddable":true,"href":"https:\/\/inkiratattoo.com\/index.php\/wp-json\/wp\/v2\/users\/1"}],"replies":[{"embeddable":true,"href":"https:\/\/inkiratattoo.com\/index.php\/wp-json\/wp\/v2\/comments?post=14"}],"version-history":[{"count":6,"href":"https:\/\/inkiratattoo.com\/index.php\/wp-json\/wp\/v2\/pages\/14\/revisions"}],"predecessor-version":[{"id":243,"href":"https:\/\/inkiratattoo.com\/index.php\/wp-json\/wp\/v2\/pages\/14\/revisions\/243"}],"wp:attachment":[{"href":"https:\/\/inkiratattoo.com\/index.php\/wp-json\/wp\/v2\/media?parent=14"}],"curies":[{"name":"wp","href":"https:\/\/api.w.org\/{rel}","templated":true}]}}